{"id":11406,"date":"2016-12-05T16:27:00","date_gmt":"2016-12-05T16:27:00","guid":{"rendered":"https:\/\/landscaping.vamtam.com\/?page_id=11406"},"modified":"2023-05-04T09:14:57","modified_gmt":"2023-05-04T07:14:57","slug":"les-vosges-du-sud","status":"publish","type":"page","link":"https:\/\/parcalanglaiselacude.fr\/index.php\/les-vosges-du-sud\/","title":{"rendered":"Les Vosges du Sud"},"content":{"rendered":"<div class=\"vgblk-rw-wrapper limit-wrapper\">\n<img decoding=\"async\" src=\"http:\/\/parcalanglaiselacude.fr\/dev\/wp-content\/uploads\/2019\/06\/bloc_VosgesDuSud-1024x146.jpg\" alt=\"Signature Vosges du Sud\" itemprop=\"image\" title=\"Signature Vosges du Sud\" onerror=\"this.style.display='none'\" sizes=\"(max-width: 768px) 100vw, 100vw\" srcset=\"data:image\/svg+xml;utf8,<svg%20xmlns=&quot;http:\/\/www.w3.org\/2000\/svg&quot;%20viewBox=&quot;0%200%201181%20168&quot;%20height=&quot;168px&quot;%20width=&quot;1181px&quot;\/>\u00a0\u00bb data-srcset=\u00a0\u00bbhttps:\/\/parcalanglaiselacude.fr\/wp-content\/uploads\/2019\/06\/bloc_VosgesDuSud-1024&#215;146.jpg 1024w, https:\/\/parcalanglaiselacude.fr\/wp-content\/uploads\/2019\/06\/bloc_VosgesDuSud-300&#215;43.jpg 300w, https:\/\/parcalanglaiselacude.fr\/wp-content\/uploads\/2019\/06\/bloc_VosgesDuSud-768&#215;109.jpg 768w, https:\/\/parcalanglaiselacude.fr\/wp-content\/uploads\/2019\/06\/bloc_VosgesDuSud-630&#215;90.jpg 630w, https:\/\/parcalanglaiselacude.fr\/wp-content\/uploads\/2019\/06\/bloc_VosgesDuSud-420&#215;60.jpg 420w, https:\/\/parcalanglaiselacude.fr\/wp-content\/uploads\/2019\/06\/bloc_VosgesDuSud-840&#215;119.jpg 840w, https:\/\/parcalanglaiselacude.fr\/wp-content\/uploads\/2019\/06\/bloc_VosgesDuSud-315&#215;45.jpg 315w, https:\/\/parcalanglaiselacude.fr\/wp-content\/uploads\/2019\/06\/bloc_VosgesDuSud.jpg 1181w\u00a0\u00bb>\t\t\t\t\t\t\t\n\t<p>Bienvenue dans les Vosges du Sud. Qu&rsquo;elles soient sportives, naturelles, inspir\u00e9es, talentueuses, ou sensorielles, &#8230; elles ne vous laisseront pas indiff\u00e9rents !<\/p>\n<p>Quelques suggestions de visites ou activit\u00e9s \u00e0 faire aux alentours.<\/p>\n<h2>\n\tInitiez-vous <br>au golf\n\t<\/h2>\n\t<p>Le golf de Luxeuil-Bellevue est l&rsquo;unique golf de Haute-Sa\u00f4ne. Il se situe au centre du d\u00e9partement, dans un triangle form\u00e9 par les villes de Vesoul, Lure et Luxeuil-les Bains. Vous pouvez \u00e9galement d\u00e9jeuner sur place.<\/p>\n\t<a href=\"http:\/\/www.golfluxeuil.com\/\" target=\"_blank\" role=\"button\" rel=\"noopener noreferrer\">\n\t\t\t\t\tEN SAVOIR PLUS\n\t<\/a>\n\t\t\t\t\t\t\t\t\t\t<img decoding=\"async\" src=\"https:\/\/parcalanglaiselacude.fr\/wp-content\/uploads\/2019\/07\/Golf-Bellevue-Luxeuil-les-bains.jpg\" alt=\"DCIM100MEDIADJI_0019.JPG\" itemprop=\"image\" title=\"DCIM100MEDIADJI_0019.JPG\" onerror=\"this.style.display='none'\" sizes=\"(max-width: 768px) 100vw, 100vw\" srcset=\"data:image\/svg+xml;utf8,<svg%20xmlns=&quot;http:\/\/www.w3.org\/2000\/svg&quot;%20viewBox=&quot;0%200%202500%201406&quot;%20height=&quot;1406px&quot;%20width=&quot;2500px&quot;\/>\u00a0\u00bb data-srcset=\u00a0\u00bbhttps:\/\/parcalanglaiselacude.fr\/wp-content\/uploads\/2019\/07\/Golf-Bellevue-Luxeuil-les-bains.jpg 2500w, https:\/\/parcalanglaiselacude.fr\/wp-content\/uploads\/2019\/07\/Golf-Bellevue-Luxeuil-les-bains-300&#215;169.jpg 300w, https:\/\/parcalanglaiselacude.fr\/wp-content\/uploads\/2019\/07\/Golf-Bellevue-Luxeuil-les-bains-768&#215;432.jpg 768w, https:\/\/parcalanglaiselacude.fr\/wp-content\/uploads\/2019\/07\/Golf-Bellevue-Luxeuil-les-bains-1024&#215;576.jpg 1024w, https:\/\/parcalanglaiselacude.fr\/wp-content\/uploads\/2019\/07\/Golf-Bellevue-Luxeuil-les-bains-1260&#215;709.jpg 1260w, https:\/\/parcalanglaiselacude.fr\/wp-content\/uploads\/2019\/07\/Golf-Bellevue-Luxeuil-les-bains-630&#215;354.jpg 630w, https:\/\/parcalanglaiselacude.fr\/wp-content\/uploads\/2019\/07\/Golf-Bellevue-Luxeuil-les-bains-420&#215;236.jpg 420w, https:\/\/parcalanglaiselacude.fr\/wp-content\/uploads\/2019\/07\/Golf-Bellevue-Luxeuil-les-bains-840&#215;472.jpg 840w, https:\/\/parcalanglaiselacude.fr\/wp-content\/uploads\/2019\/07\/Golf-Bellevue-Luxeuil-les-bains-315&#215;177.jpg 315w\u00a0\u00bb width=\u00a0\u00bb2500&Prime; height=\u00a0\u00bb1406&Prime;>\t\t\t\t\t\t\t\n\t\t\t\t\t\t\t\t\t\t<img decoding=\"async\" src=\"https:\/\/parcalanglaiselacude.fr\/wp-content\/uploads\/2019\/07\/P1000952.jpg\" alt=\"P1000952\" itemprop=\"image\" title=\"P1000952\" onerror=\"this.style.display='none'\" sizes=\"(max-width: 768px) 100vw, 100vw\" srcset=\"data:image\/svg+xml;utf8,<svg%20xmlns=&quot;http:\/\/www.w3.org\/2000\/svg&quot;%20viewBox=&quot;0%200%204592%203448&quot;%20height=&quot;3448px&quot;%20width=&quot;4592px&quot;\/>\u00a0\u00bb data-srcset=\u00a0\u00bbhttps:\/\/parcalanglaiselacude.fr\/wp-content\/uploads\/2019\/07\/P1000952.jpg 4592w, https:\/\/parcalanglaiselacude.fr\/wp-content\/uploads\/2019\/07\/P1000952-300&#215;225.jpg 300w, https:\/\/parcalanglaiselacude.fr\/wp-content\/uploads\/2019\/07\/P1000952-768&#215;577.jpg 768w, https:\/\/parcalanglaiselacude.fr\/wp-content\/uploads\/2019\/07\/P1000952-1024&#215;769.jpg 1024w, https:\/\/parcalanglaiselacude.fr\/wp-content\/uploads\/2019\/07\/P1000952-1260&#215;946.jpg 1260w, https:\/\/parcalanglaiselacude.fr\/wp-content\/uploads\/2019\/07\/P1000952-630&#215;473.jpg 630w, https:\/\/parcalanglaiselacude.fr\/wp-content\/uploads\/2019\/07\/P1000952-420&#215;315.jpg 420w, https:\/\/parcalanglaiselacude.fr\/wp-content\/uploads\/2019\/07\/P1000952-840&#215;631.jpg 840w, https:\/\/parcalanglaiselacude.fr\/wp-content\/uploads\/2019\/07\/P1000952-315&#215;237.jpg 315w\u00a0\u00bb width=\u00a0\u00bb4592&Prime; height=\u00a0\u00bb3448&Prime;>\t\t\t\t\t\t\t\n<h2>\n\tBougez \u00e0 la base de la Saline \u00e0 Lure\n\t<\/h2>\n\t<p>Voile, stand-up, paddle, cano\u00eb, p\u00e9dalos&#8230; les activit\u00e9s nautiques de la base de la Saline sont accessibles \u00e0 tous. Et si&nbsp; jamais vous n&rsquo;aimez pas l&rsquo;eau, d&rsquo;autres activit\u00e9s sont propos\u00e9es : biathlon, tir \u00e0 l&rsquo;arc, \u00e9quitation, table de pique-nique, jeux d&rsquo;enfants et restauration font de ce site une parenth\u00e8se r\u00e9cr\u00e9ative pour petits et grands.<\/p>\n\t<a href=\"https:\/\/www.pays-de-lure.fr\/loisirs\/base-saline.htm\" target=\"_blank\" role=\"button\" rel=\"noopener noreferrer\">\n\t\t\t\t\tINFOS PRATIQUES\n\t<\/a>\n<h2>\n\tR\u00e9galez-vous \u00e0 la source de Velleminfroy\n\t<\/h2>\n\t<p>C\u2019est au c\u0153ur de la Haute-Sa\u00f4ne, en Franche-Comt\u00e9, que jaillit l\u2019eau min\u00e9rale de Velleminfroy.<\/p>\n<p>Le temps d\u2019une balade ou d\u2019un week-end, venez d\u00e9couvrir le domaine de la Source. Baptis\u00e9 \u00ab Le Paradis Vert \u00bb, ce petit havre de paix porte bien son nom. Visite du mus\u00e9e ou petite pause gourmande au restaurant, vous repartirez enchant\u00e9 !<\/p>\n\t<a href=\"https:\/\/www.velleminfroy.fr\/\" target=\"_blank\" role=\"button\" rel=\"noopener noreferrer\">\n\t\t\t\t\tEN SAVOIR PLUS\n\t<\/a>\n\t\t\t\t\t\t\t\t\t\t<img decoding=\"async\" src=\"https:\/\/parcalanglaiselacude.fr\/wp-content\/uploads\/2019\/07\/\u00a9SourcedeVelleminfroy-gastronomie.jpg\" alt=\"\u00a9SourcedeVelleminfroy-gastronomie\" itemprop=\"image\" title=\"\u00a9SourcedeVelleminfroy-gastronomie\" onerror=\"this.style.display='none'\" sizes=\"(max-width: 768px) 100vw, 100vw\" srcset=\"data:image\/svg+xml;utf8,<svg%20xmlns=&quot;http:\/\/www.w3.org\/2000\/svg&quot;%20viewBox=&quot;0%200%201000%201600&quot;%20height=&quot;1600px&quot;%20width=&quot;1000px&quot;\/>\u00a0\u00bb data-srcset=\u00a0\u00bbhttps:\/\/parcalanglaiselacude.fr\/wp-content\/uploads\/2019\/07\/\u00a9SourcedeVelleminfroy-gastronomie.jpg 1000w, https:\/\/parcalanglaiselacude.fr\/wp-content\/uploads\/2019\/07\/\u00a9SourcedeVelleminfroy-gastronomie-188&#215;300.jpg 188w, https:\/\/parcalanglaiselacude.fr\/wp-content\/uploads\/2019\/07\/\u00a9SourcedeVelleminfroy-gastronomie-768&#215;1229.jpg 768w, https:\/\/parcalanglaiselacude.fr\/wp-content\/uploads\/2019\/07\/\u00a9SourcedeVelleminfroy-gastronomie-640&#215;1024.jpg 640w, https:\/\/parcalanglaiselacude.fr\/wp-content\/uploads\/2019\/07\/\u00a9SourcedeVelleminfroy-gastronomie-630&#215;1008.jpg 630w, https:\/\/parcalanglaiselacude.fr\/wp-content\/uploads\/2019\/07\/\u00a9SourcedeVelleminfroy-gastronomie-420&#215;672.jpg 420w, https:\/\/parcalanglaiselacude.fr\/wp-content\/uploads\/2019\/07\/\u00a9SourcedeVelleminfroy-gastronomie-840&#215;1344.jpg 840w, https:\/\/parcalanglaiselacude.fr\/wp-content\/uploads\/2019\/07\/\u00a9SourcedeVelleminfroy-gastronomie-315&#215;504.jpg 315w\u00a0\u00bb width=\u00a0\u00bb1000&Prime; height=\u00a0\u00bb1600&Prime;>\t\t\t\t\t\t\t\n\t\t\t\t\t\t\t\t\t\t<img decoding=\"async\" src=\"https:\/\/parcalanglaiselacude.fr\/wp-content\/uploads\/2019\/07\/Ecomusee-de-Fougerolles-entree.jpg\" alt=\"Ecomusee-de-Fougerolles-entree\" itemprop=\"image\" title=\"Ecomusee-de-Fougerolles-entree\" onerror=\"this.style.display='none'\" sizes=\"(max-width: 768px) 100vw, 100vw\" srcset=\"data:image\/svg+xml;utf8,<svg%20xmlns=&quot;http:\/\/www.w3.org\/2000\/svg&quot;%20viewBox=&quot;0%200%201600%201000&quot;%20height=&quot;1000px&quot;%20width=&quot;1600px&quot;\/>\u00a0\u00bb data-srcset=\u00a0\u00bbhttps:\/\/parcalanglaiselacude.fr\/wp-content\/uploads\/2019\/07\/Ecomusee-de-Fougerolles-entree.jpg 1600w, https:\/\/parcalanglaiselacude.fr\/wp-content\/uploads\/2019\/07\/Ecomusee-de-Fougerolles-entree-300&#215;188.jpg 300w, https:\/\/parcalanglaiselacude.fr\/wp-content\/uploads\/2019\/07\/Ecomusee-de-Fougerolles-entree-768&#215;480.jpg 768w, https:\/\/parcalanglaiselacude.fr\/wp-content\/uploads\/2019\/07\/Ecomusee-de-Fougerolles-entree-1024&#215;640.jpg 1024w, https:\/\/parcalanglaiselacude.fr\/wp-content\/uploads\/2019\/07\/Ecomusee-de-Fougerolles-entree-1260&#215;788.jpg 1260w, https:\/\/parcalanglaiselacude.fr\/wp-content\/uploads\/2019\/07\/Ecomusee-de-Fougerolles-entree-630&#215;394.jpg 630w, https:\/\/parcalanglaiselacude.fr\/wp-content\/uploads\/2019\/07\/Ecomusee-de-Fougerolles-entree-420&#215;263.jpg 420w, https:\/\/parcalanglaiselacude.fr\/wp-content\/uploads\/2019\/07\/Ecomusee-de-Fougerolles-entree-840&#215;525.jpg 840w, https:\/\/parcalanglaiselacude.fr\/wp-content\/uploads\/2019\/07\/Ecomusee-de-Fougerolles-entree-315&#215;197.jpg 315w\u00a0\u00bb width=\u00a0\u00bb1600&Prime; height=\u00a0\u00bb1000&Prime;>\t\t\t\t\t\t\t\n<h2>\n\tVivez le temps des cerises \u00e0 Fougerolles\n\t<\/h2>\n\t<p>L&rsquo;\u00e9comus\u00e9e du Pays de la Cerise est situ\u00e9 dans un domaine de distillateurs des ann\u00e9es 1830. Il fait revivre l&rsquo;histoire au fil d&rsquo;un parcours original alliant modernit\u00e9 et tradition. en sortant nous vous invitons \u00e0 aller visiter le parc animalier de Fougerolles Saint-Valbert.<\/p>\n\t<a href=\"https:\/\/ecomusee-fougerolles.fr\/\" target=\"_blank\" role=\"button\" rel=\"noopener noreferrer\">\n\t\t\t\t\tEN SAVOIR PLUS\n\t<\/a>\n<h2>\n\t\t\t<a href=\"\/services\/events-decoration\/\" title=\"Profitez d'un patrimoine remarquable !\" target=\"_self\" rel=\"noopener noreferrer\">\n\tProfitez d&rsquo;un patrimoine remarquable !\n\t\t\t<\/a>\n\t<\/h2>\n\t<p>Class\u00e9e Station de Tourisme, Luxeuil-les-Bains est inscrite parmis les 100 Plus Beaux D\u00e9tours de France. V\u00e9ritable petit coffre \u00e0 tr\u00e9sor, son centre historique arbore de majestueuses maisons class\u00e9es aux fa\u00e7ades gothiques et Renaissance. C&rsquo;est aussi une ville thermale o\u00f9 vous pourrez suivre les chemins de Saint-Colomban.<\/p>\n\t<a href=\"https:\/\/www.luxeuil-vosges-sud.fr\/\" target=\"_blank\" role=\"button\" rel=\"noopener noreferrer\">\n\t\t\t\t\tEN SAVOIR PLUS\n\t<\/a>\n\t\t\t\t\t\t\t\t\t\t<img decoding=\"async\" src=\"https:\/\/parcalanglaiselacude.fr\/wp-content\/uploads\/2019\/07\/Le-Cloitre\u00a9CRTBFC_M-Joly.jpg\" alt=\"Le-Cloitre\u00a9CRTBFC_M-Joly\" itemprop=\"image\" title=\"Le-Cloitre\u00a9CRTBFC_M-Joly\" onerror=\"this.style.display='none'\" sizes=\"(max-width: 768px) 100vw, 100vw\" srcset=\"data:image\/svg+xml;utf8,<svg%20xmlns=&quot;http:\/\/www.w3.org\/2000\/svg&quot;%20viewBox=&quot;0%200%201600%201000&quot;%20height=&quot;1000px&quot;%20width=&quot;1600px&quot;\/>\u00a0\u00bb data-srcset=\u00a0\u00bbhttps:\/\/parcalanglaiselacude.fr\/wp-content\/uploads\/2019\/07\/Le-Cloitre\u00a9CRTBFC_M-Joly.jpg 1600w, https:\/\/parcalanglaiselacude.fr\/wp-content\/uploads\/2019\/07\/Le-Cloitre\u00a9CRTBFC_M-Joly-300&#215;188.jpg 300w, https:\/\/parcalanglaiselacude.fr\/wp-content\/uploads\/2019\/07\/Le-Cloitre\u00a9CRTBFC_M-Joly-768&#215;480.jpg 768w, https:\/\/parcalanglaiselacude.fr\/wp-content\/uploads\/2019\/07\/Le-Cloitre\u00a9CRTBFC_M-Joly-1024&#215;640.jpg 1024w, https:\/\/parcalanglaiselacude.fr\/wp-content\/uploads\/2019\/07\/Le-Cloitre\u00a9CRTBFC_M-Joly-1260&#215;788.jpg 1260w, https:\/\/parcalanglaiselacude.fr\/wp-content\/uploads\/2019\/07\/Le-Cloitre\u00a9CRTBFC_M-Joly-630&#215;394.jpg 630w, https:\/\/parcalanglaiselacude.fr\/wp-content\/uploads\/2019\/07\/Le-Cloitre\u00a9CRTBFC_M-Joly-420&#215;263.jpg 420w, https:\/\/parcalanglaiselacude.fr\/wp-content\/uploads\/2019\/07\/Le-Cloitre\u00a9CRTBFC_M-Joly-840&#215;525.jpg 840w, https:\/\/parcalanglaiselacude.fr\/wp-content\/uploads\/2019\/07\/Le-Cloitre\u00a9CRTBFC_M-Joly-315&#215;197.jpg 315w\u00a0\u00bb width=\u00a0\u00bb1600&Prime; height=\u00a0\u00bb1000&Prime;>\t\t\t\t\t\t\t\n\t<iframe loading=\"lazy\" title=\"Bienvenue en terre d'itin\u00e9rance ! Vosges du Sud 2018\" src=\"https:\/\/www.youtube.com\/embed\/videoseries?list=PLqH-JucydG9JPHfNTHcN_SXU57gxqLFeP\" allow=\"accelerometer; autoplay; encrypted-media; gyroscope; picture-in-picture\" allowfullscreen=\"\" width=\"1260\" height=\"709\" frameborder=\"0\"><\/iframe>\n\t\t\t\t\t\t\t\t\t\t<img decoding=\"async\" src=\"http:\/\/parcalanglaiselacude.fr\/wp-content\/uploads\/2019\/07\/VVS_LOGO_RVB-300x134.jpg\" alt=\"VVS_LOGO_RVB\" itemprop=\"image\" title=\"VVS_LOGO_RVB\" onerror=\"this.style.display='none'\" srcset=\"data:image\/svg+xml;utf8,<svg%20xmlns=&quot;http:\/\/www.w3.org\/2000\/svg&quot;%20viewBox=&quot;0%200%201272%20568&quot;%20height=&quot;568px&quot;%20width=&quot;1272px&quot;\/>\u00a0\u00bb data-srcset=\u00a0\u00bbhttps:\/\/parcalanglaiselacude.fr\/wp-content\/uploads\/2019\/07\/VVS_LOGO_RVB-300&#215;134.jpg 300w, https:\/\/parcalanglaiselacude.fr\/wp-content\/uploads\/2019\/07\/VVS_LOGO_RVB-768&#215;343.jpg 768w, https:\/\/parcalanglaiselacude.fr\/wp-content\/uploads\/2019\/07\/VVS_LOGO_RVB-1024&#215;457.jpg 1024w, https:\/\/parcalanglaiselacude.fr\/wp-content\/uploads\/2019\/07\/VVS_LOGO_RVB-1260&#215;568.jpg 1260w, https:\/\/parcalanglaiselacude.fr\/wp-content\/uploads\/2019\/07\/VVS_LOGO_RVB-630&#215;281.jpg 630w, https:\/\/parcalanglaiselacude.fr\/wp-content\/uploads\/2019\/07\/VVS_LOGO_RVB-420&#215;188.jpg 420w, https:\/\/parcalanglaiselacude.fr\/wp-content\/uploads\/2019\/07\/VVS_LOGO_RVB-840&#215;375.jpg 840w, https:\/\/parcalanglaiselacude.fr\/wp-content\/uploads\/2019\/07\/VVS_LOGO_RVB-315&#215;141.jpg 315w, https:\/\/parcalanglaiselacude.fr\/wp-content\/uploads\/2019\/07\/VVS_LOGO_RVB.jpg 1272w\u00a0\u00bb sizes=\u00a0\u00bb(max-width: 300px) 100vw, 300px\u00a0\u00bb>\t\t\t\t\t\t\t\n\t<p>Nous sommes aussi tout proche de Vesoul&#8230;<\/p>\n<p>&#8230; sur les traces de Brel, o\u00f9 toutes voiles dehors sur le lac, vous ne regretterez pas de pr\u00e9voir une petite incursion en Vesoul-Val de Sa\u00f4ne.<\/p>\n\t\t\t\t\t\t\t\t\t\t<img decoding=\"async\" src=\"https:\/\/parcalanglaiselacude.fr\/wp-content\/uploads\/2019\/07\/Destination70-le-sabot-de-Vesoul.jpg\" alt=\"Destination70-le-sabot-de-Vesoul\" itemprop=\"image\" title=\"Destination70-le-sabot-de-Vesoul\" onerror=\"this.style.display='none'\" sizes=\"(max-width: 768px) 100vw, 100vw\" srcset=\"data:image\/svg+xml;utf8,<svg%20xmlns=&quot;http:\/\/www.w3.org\/2000\/svg&quot;%20viewBox=&quot;0%200%201600%201000&quot;%20height=&quot;1000px&quot;%20width=&quot;1600px&quot;\/>\u00a0\u00bb data-srcset=\u00a0\u00bbhttps:\/\/parcalanglaiselacude.fr\/wp-content\/uploads\/2019\/07\/Destination70-le-sabot-de-Vesoul.jpg 1600w, https:\/\/parcalanglaiselacude.fr\/wp-content\/uploads\/2019\/07\/Destination70-le-sabot-de-Vesoul-300&#215;188.jpg 300w, https:\/\/parcalanglaiselacude.fr\/wp-content\/uploads\/2019\/07\/Destination70-le-sabot-de-Vesoul-768&#215;480.jpg 768w, https:\/\/parcalanglaiselacude.fr\/wp-content\/uploads\/2019\/07\/Destination70-le-sabot-de-Vesoul-1024&#215;640.jpg 1024w, https:\/\/parcalanglaiselacude.fr\/wp-content\/uploads\/2019\/07\/Destination70-le-sabot-de-Vesoul-1260&#215;788.jpg 1260w, https:\/\/parcalanglaiselacude.fr\/wp-content\/uploads\/2019\/07\/Destination70-le-sabot-de-Vesoul-630&#215;394.jpg 630w, https:\/\/parcalanglaiselacude.fr\/wp-content\/uploads\/2019\/07\/Destination70-le-sabot-de-Vesoul-420&#215;263.jpg 420w, https:\/\/parcalanglaiselacude.fr\/wp-content\/uploads\/2019\/07\/Destination70-le-sabot-de-Vesoul-840&#215;525.jpg 840w, https:\/\/parcalanglaiselacude.fr\/wp-content\/uploads\/2019\/07\/Destination70-le-sabot-de-Vesoul-315&#215;197.jpg 315w\u00a0\u00bb width=\u00a0\u00bb1600&Prime; height=\u00a0\u00bb1000&Prime;>\t\t\t\t\t\t\t\n<h2>\n\t\t\t<a href=\"https:\/\/www.vesoul.fr\/sortir-bouger-se-divertir\/maison-du-tourisme.html\" title=\"Voir Vesoul.... Comme toujours\" target=\"_self\" rel=\"noopener noreferrer\">\n\tVoir Vesoul&#8230;. Comme toujours\n\t\t\t<\/a>\n\t<\/h2>\n\t<p>La visite du \u00ab\u00a0vieux Vesoul\u00a0\u00bb rec\u00e8le de nombreux tr\u00e9sor tel que le Mus\u00e9e Georges-Garret avec les peintures et sculpturesde Jean-L\u00e9on G\u00e9r\u00f4me. Aux alentours de la ville, une multitude de possibilit\u00e9s sportives et ludiques s&rsquo;offre \u00e0 vous : v\u00e9lorail, lac, etc.<\/p>\n\t<a href=\"https:\/\/www.vesoul.fr\/sortir-bouger-se-divertir\/maison-du-tourisme.html\" target=\"_blank\" role=\"button\" rel=\"noopener noreferrer\">\n\t\t\t\t\tINFOS PRATIQUES\n\t<\/a>\n<\/div><!-- .vgblk-rw-wrapper -->","protected":false},"excerpt":{"rendered":"<p>Nous sommes aussi tout proche de Vesoul&#8230; &#8230; sur les traces de Brel, o\u00f9 toutes voiles dehors sur le lac, vous ne regretterez pas de pr\u00e9voir une petite incursion en Vesoul-Val de Sa\u00f4ne.<\/p>\n","protected":false},"author":1,"featured_media":0,"parent":0,"menu_order":0,"comment_status":"closed","ping_status":"closed","template":"","meta":{"inline_featured_image":false,"footnotes":""},"class_list":["post-11406","page","type-page","status-publish","hentry"],"_links":{"self":[{"href":"https:\/\/parcalanglaiselacude.fr\/index.php\/wp-json\/wp\/v2\/pages\/11406","targetHints":{"allow":["GET"]}}],"collection":[{"href":"https:\/\/parcalanglaiselacude.fr\/index.php\/wp-json\/wp\/v2\/pages"}],"about":[{"href":"https:\/\/parcalanglaiselacude.fr\/index.php\/wp-json\/wp\/v2\/types\/page"}],"author":[{"embeddable":true,"href":"https:\/\/parcalanglaiselacude.fr\/index.php\/wp-json\/wp\/v2\/users\/1"}],"replies":[{"embeddable":true,"href":"https:\/\/parcalanglaiselacude.fr\/index.php\/wp-json\/wp\/v2\/comments?post=11406"}],"version-history":[{"count":19,"href":"https:\/\/parcalanglaiselacude.fr\/index.php\/wp-json\/wp\/v2\/pages\/11406\/revisions"}],"predecessor-version":[{"id":17444,"href":"https:\/\/parcalanglaiselacude.fr\/index.php\/wp-json\/wp\/v2\/pages\/11406\/revisions\/17444"}],"wp:attachment":[{"href":"https:\/\/parcalanglaiselacude.fr\/index.php\/wp-json\/wp\/v2\/media?parent=11406"}],"curies":[{"name":"wp","href":"https:\/\/api.w.org\/{rel}","templated":true}]}}