{"id":11410,"date":"2016-12-05T16:27:32","date_gmt":"2016-12-05T16:27:32","guid":{"rendered":"https:\/\/landscaping.vamtam.com\/?page_id=11410"},"modified":"2023-05-04T09:09:19","modified_gmt":"2023-05-04T07:09:19","slug":"le-parc-a-langlaise-la-cude","status":"publish","type":"page","link":"https:\/\/parcalanglaiselacude.fr\/index.php\/le-parc-a-langlaise-la-cude\/","title":{"rendered":"Le parc \u00e0 l&rsquo;anglaise La Cude"},"content":{"rendered":"<div class=\"vgblk-rw-wrapper limit-wrapper\">\n<h2>LE PARC A L&rsquo;ANGLAISE LA CUDE<\/h2>\n\t<h4>Situ\u00e9 dans la vall\u00e9e du Durgeon, le parc retrace une histoire familiale longue de 3 g\u00e9n\u00e9rations. Il suprend le visiteur par sa richesse en diversit\u00e9 d&rsquo;essences \u00e9manant de tous les continents.<\/h4>\n<p>&nbsp;<\/p>\n<h4>Il est plant\u00e9 en forme libre, en bosquet, en for\u00eat sur un parcours dont le relief permet la d\u00e9ambulation et la fl\u00e2nerie.<\/h4>\n<h2>\n\tESPACE ARBOR\u00c9\n\t<\/h2>\n\t<p>Environ 2000 arbres sont r\u00e9partis sur 5 hectares : conif\u00e8res, feuillus, essences de toutes r\u00e9gions, et arbustes de tout les continents.<\/p>\n<p>En d\u00e9ambulant le long des chemins ombrag\u00e9s, vous d\u00e9couvrirez des essences connues et moins connues : le Crata\u00e9gus monogyna \u00ab\u00a0Aub\u00e9pine\u00a0\u00bb ou le Leicesteria formosa (arbre aux faisans) ou le Zelkova carpinifolia (Orme de Sib\u00e9rie).<\/p>\n<p>On peut toucher les quatre conif\u00e8res caduques (Ginkgo biloba), le Larix (m\u00e9l\u00e8ze), le Taxodium (cypr\u00e8s chauve) ou le Metaseuqoia. On peut sentir la fleur de Choysia ternata (Oranger du Mexique), go\u00fbter le fruit de l&rsquo;armelanchier du Canada.<\/p>\n<h2>D\u00e9couvrez et \u00e9merveillez-vous devant plus de 350 essences diff\u00e9rentes !<\/h2>\n<h2>\n\tPARCOURS <br>PIEDS NUS\n\t<\/h2>\n\t<p>Le sentier pieds nus a \u00e9t\u00e9 imagin\u00e9 et cr\u00e9e par Fran\u00e7ois pour ses petits enfants. Ce parcours ludique et sensoriel s&rsquo;\u00e9tend sur environs 800 m\u00e8tres ombrag\u00e9s. Bouchons en li\u00e8ges, sables, boue, ardoises, etc. ce parcours permet de red\u00e9couvrir des sensations oubli\u00e9es qui raviront petits et grands&#8230;<\/p>\n<p>Il y a un jet pour se nettoyer les pieds \u00e0 la fin du parcours, mais n&rsquo;oubliez pas d&rsquo;apporter une serviette si vous souhaitez vous s\u00e9cher les pieds&#8230;<\/p>\n<h2>Vivez une exp\u00e9rience sensorielle unique<\/h2>\n\t\t\t\t<img loading=\"lazy\" decoding=\"async\" src=\"https:\/\/parcalanglaiselacude.fr\/wp-content\/uploads\/2019\/08\/Parcours-PIED-NU-\u00e0-La-CUDE_-photo-de-Sophie-Martineaud.jpeg\" alt=\"Parcours PIED NU \u00e0 La CUDE_ photo de Sophie Martineaud\" itemprop=\"image\" title=\"Parcours PIED NU \u00e0 La CUDE_ photo de Sophie Martineaud\" onerror=\"this.style.display='none'\" width=\"4372\" height=\"2896\">\n\t\t\t\t<img loading=\"lazy\" decoding=\"async\" src=\"https:\/\/parcalanglaiselacude.fr\/wp-content\/uploads\/2019\/06\/P1000988.jpg\" alt=\"Land Art la cude\" itemprop=\"image\" title=\"Land Art la cude\" onerror=\"this.style.display='none'\" width=\"4592\" height=\"3448\">\n<h2>\n\tLAND-ART\n\t<\/h2>\n\t<p>Parcours des lutins, h\u00f4tels \u00e0 insectes, sculptures, dragon g\u00e9ant, etc. chaque d\u00e9tour est pr\u00e9texte \u00e0 l&rsquo;\u00e9merveillement.<\/p>\n<p>Le parc \u00e0 l&rsquo;anglaise de la Cude est une sorte de for\u00eat magique et imaginaire peupl\u00e9e de 1000 et 1 merveilles !<\/p>\n<p>&nbsp;<\/p>\n<h2>\u00ab\u00a0Tout art est une imitation de la nature\u00a0\u00bb<\/h2>\n<h3>S\u00e9n\u00e8que<\/h3>\n<h2>\n\tCONTACTEZ-NOUS\n\t<\/h2>\n<h4>\n\tDes questions, envie de r\u00e9server ? Contactez-nous, nous vous r\u00e9pondrons dans les plus brefs d\u00e9lais.\n\t<\/h4>\n    Remarque&nbsp;: JavaScript est requis pour ce contenu.\n        <!-- TODO: Move to Template File. -->\n<blockquote>\n\t\t\t\t\t<h3>Juste f\u00e9erique magnifique splendide&#8230; Merci \u00e0 Fran\u00e7ois de son travail si passionn\u00e9 et minutieux. Le parcours pieds nus et tr\u00e8s sympathique notre petit gar\u00e7on de deux ans a ador\u00e9 et a tout fait sauf la boue \u00e0 la fin. Merci nous allons revenir tr\u00e8s vite.<\/h3>\n\t\t\t\ue208\ue208\ue208\ue208\ue208 \u2014 ESTELLE C.\t\t\n<\/blockquote>\n<blockquote>\n\t\t\t\t\t<h3>Superbe, apaisant moment avec les enfants. Et puis, on parle arbres, racines, et j&rsquo;ai retrouv\u00e9 la signature de mon grand-p\u00e8re Eug\u00e8ne Coin sur la st\u00e8le !<\/h3>\n\t\t\t\ue208\ue208\ue208\ue208\ue208 \u2014 MARIE-ANGE C.S\t\t\n<\/blockquote>\n<blockquote>\n\t\t\t\t\t<h3>\u201cMoi je l\u2019appellerai non pas jardin mais for\u00eat magique. Belle balade ! Belle balade ! merci de nous faire partager et profiter de votre passion.\u00a0\u00bb<\/h3>\n\t\t\t\ue208\ue208\ue208\ue208\ue208 \u2014 MICHELE\t\t\n<\/blockquote>\n<blockquote>\n\t\t\t\t\t<h3>\u00ab\u00a01000 bravos pour cet immense espace enchant\u00e9. Magnifique, merveilleux, imaginatif, superbe, grandiose, &#8230;\u00a0\u00bb<\/h3>\n\t\t\t\ue208\ue208\ue208\ue208\ue208 \u2014 MIREILLE\t\t\n<\/blockquote>\n<blockquote>\n\t\t\t\t\t<h3>\u00ab\u00a0Dans cette qui\u00e8tude, et face au faux cypr\u00e8s, une esp\u00e9rance na\u00eet dans notre esprit, celle de voir la gr\u00e2ce de ce jardin sans cesse cro\u00eetre. Bon courage et f\u00e9licitation pour cette belle oeuvre.\u00a0\u00bb<\/h3>\n\t\t\t\ue208\ue208\ue208\ue208\ue208 \u2014 ALAIN N. ( Sous-pr\u00e9fet de Haute-Sa\u00f4ne )\t\t\n<\/blockquote>\n<\/div><!-- .vgblk-rw-wrapper -->","protected":false},"excerpt":{"rendered":"<p>LE PARC A L&rsquo;ANGLAISE LA CUDE Situ\u00e9 dans la vall\u00e9e du Durgeon, le parc retrace une histoire familiale longue de 3 g\u00e9n\u00e9rations. Il suprend le visiteur par sa richesse en diversit\u00e9 d&rsquo;essences \u00e9manant de tous les continents. &nbsp; Il est plant\u00e9 en forme libre, en bosquet, en for\u00eat sur un parcours dont le relief permet&#8230;<\/p>\n","protected":false},"author":1,"featured_media":0,"parent":0,"menu_order":0,"comment_status":"closed","ping_status":"closed","template":"","meta":{"inline_featured_image":false,"footnotes":""},"class_list":["post-11410","page","type-page","status-publish","hentry"],"_links":{"self":[{"href":"https:\/\/parcalanglaiselacude.fr\/index.php\/wp-json\/wp\/v2\/pages\/11410","targetHints":{"allow":["GET"]}}],"collection":[{"href":"https:\/\/parcalanglaiselacude.fr\/index.php\/wp-json\/wp\/v2\/pages"}],"about":[{"href":"https:\/\/parcalanglaiselacude.fr\/index.php\/wp-json\/wp\/v2\/types\/page"}],"author":[{"embeddable":true,"href":"https:\/\/parcalanglaiselacude.fr\/index.php\/wp-json\/wp\/v2\/users\/1"}],"replies":[{"embeddable":true,"href":"https:\/\/parcalanglaiselacude.fr\/index.php\/wp-json\/wp\/v2\/comments?post=11410"}],"version-history":[{"count":31,"href":"https:\/\/parcalanglaiselacude.fr\/index.php\/wp-json\/wp\/v2\/pages\/11410\/revisions"}],"predecessor-version":[{"id":17438,"href":"https:\/\/parcalanglaiselacude.fr\/index.php\/wp-json\/wp\/v2\/pages\/11410\/revisions\/17438"}],"wp:attachment":[{"href":"https:\/\/parcalanglaiselacude.fr\/index.php\/wp-json\/wp\/v2\/media?parent=11410"}],"curies":[{"name":"wp","href":"https:\/\/api.w.org\/{rel}","templated":true}]}}