{"id":11412,"date":"2016-12-05T16:27:47","date_gmt":"2016-12-05T16:27:47","guid":{"rendered":"https:\/\/landscaping.vamtam.com\/?page_id=11412"},"modified":"2023-05-04T09:13:09","modified_gmt":"2023-05-04T07:13:09","slug":"contact","status":"publish","type":"page","link":"https:\/\/parcalanglaiselacude.fr\/index.php\/contact\/","title":{"rendered":"Contactez-nous"},"content":{"rendered":"<div class=\"vgblk-rw-wrapper limit-wrapper\">\n<h4>\n\tENVIE D&rsquo;UN BAIN DE NATURE ?\n\t<\/h4>\n<h4>\n\tUne question, une suggestion, une r\u00e9servation&#8230;  Contactez-nous !\n\t<\/h4>\n    Remarque&nbsp;: JavaScript est requis pour ce contenu.\n        <!-- TODO: Move to Template File. -->\n        <h3>\n\tNous sommes aussi joignable par t\u00e9l\u00e9phone. Et si vous \u00eates dans le coin, venez nous rendre visite directement !\n\t<\/h3>\n<h3>\n\tACCES\n\t<\/h3>\n\t\t<iframe src=\"https:\/\/maps.google.com\/maps?q=P7HC%2BJH+Mailleroncourt-Charette&amp;iwloc=near&amp;output=embed\" height=\"400\" frameborder=\"0\"><\/iframe>\n<\/div><!-- .vgblk-rw-wrapper -->","protected":false},"excerpt":{"rendered":"<p>ENVIE D&rsquo;UN BAIN DE NATURE ? Une question, une suggestion, une r\u00e9servation&#8230; Contactez-nous ! Remarque&nbsp;: JavaScript est requis pour ce contenu. Nous sommes aussi joignable par t\u00e9l\u00e9phone. Et si vous \u00eates dans le coin, venez nous rendre visite directement ! ACCES<\/p>\n","protected":false},"author":1,"featured_media":0,"parent":0,"menu_order":0,"comment_status":"closed","ping_status":"closed","template":"","meta":{"inline_featured_image":false,"footnotes":""},"class_list":["post-11412","page","type-page","status-publish","hentry"],"_links":{"self":[{"href":"https:\/\/parcalanglaiselacude.fr\/index.php\/wp-json\/wp\/v2\/pages\/11412","targetHints":{"allow":["GET"]}}],"collection":[{"href":"https:\/\/parcalanglaiselacude.fr\/index.php\/wp-json\/wp\/v2\/pages"}],"about":[{"href":"https:\/\/parcalanglaiselacude.fr\/index.php\/wp-json\/wp\/v2\/types\/page"}],"author":[{"embeddable":true,"href":"https:\/\/parcalanglaiselacude.fr\/index.php\/wp-json\/wp\/v2\/users\/1"}],"replies":[{"embeddable":true,"href":"https:\/\/parcalanglaiselacude.fr\/index.php\/wp-json\/wp\/v2\/comments?post=11412"}],"version-history":[{"count":21,"href":"https:\/\/parcalanglaiselacude.fr\/index.php\/wp-json\/wp\/v2\/pages\/11412\/revisions"}],"predecessor-version":[{"id":17443,"href":"https:\/\/parcalanglaiselacude.fr\/index.php\/wp-json\/wp\/v2\/pages\/11412\/revisions\/17443"}],"wp:attachment":[{"href":"https:\/\/parcalanglaiselacude.fr\/index.php\/wp-json\/wp\/v2\/media?parent=11412"}],"curies":[{"name":"wp","href":"https:\/\/api.w.org\/{rel}","templated":true}]}}