{"id":14400,"date":"2017-09-12T19:56:48","date_gmt":"2017-09-12T19:56:48","guid":{"rendered":"https:\/\/landscaping.vamtam.com\/?page_id=14400"},"modified":"2025-05-21T18:08:04","modified_gmt":"2025-05-21T16:08:04","slug":"infos-pratiques","status":"publish","type":"page","link":"https:\/\/parcalanglaiselacude.fr\/index.php\/infos-pratiques\/","title":{"rendered":"Infos pratiques"},"content":{"rendered":"<div class=\"vgblk-rw-wrapper limit-wrapper\">\n\n\t\t<h3>Dur\u00e9e de la visite<\/h3>\n\t\t<p>2 heures<\/p>\n\t<a href=\"\" target=\"_self\" role=\"button\" rel=\"noopener\">\n\t<\/a>\n\n\t\t<h3>Tarifs<\/h3>\n\t\t<ul><li>Adulte : 6 \u20ac<\/li><li>&#8211; de 12 ans : 4 \u20ac<\/li><li>Forfait Famille (2 adultes \/ 2 enfants) : 16 \u20ac.<\/li><\/ul><p><strong>Pour les tarifs de groupe : contactez-nous.<\/strong><strong>Possibilit\u00e9 de pique-niquer sur le site de la Cude.<\/strong><\/p>\n\t<a href=\"\" target=\"_self\" role=\"button\" rel=\"noopener\">\n\t<\/a>\n\n\t<p>Procurez-vous le passeport Vosges du Sud pour b\u00e9n\u00e9ficier des r\u00e9ductions et visiter les autres sites.<\/p>\n\t\t\t\t\t\t\t<img decoding=\"async\" loading=\"lazy\" src=\"https:\/\/parcalanglaiselacude.fr\/wp-content\/uploads\/2023\/06\/Affiche-A4-Passeport-2023-2024-212x300.png\" alt=\"Affiche A4 Passeport 2023 2024\" itemprop=\"image\" height=\"300\" width=\"212\" title=\"Affiche A4 Passeport 2023 2024\" onerror=\"this.style.display='none'\"  sizes=\"auto, (max-width: 768px) 100vw, 100vw\" srcset=\"https:\/\/parcalanglaiselacude.fr\/wp-content\/uploads\/2023\/06\/Affiche-A4-Passeport-2023-2024-212x300.png 212w, https:\/\/parcalanglaiselacude.fr\/wp-content\/uploads\/2023\/06\/Affiche-A4-Passeport-2023-2024-724x1024.png 724w, https:\/\/parcalanglaiselacude.fr\/wp-content\/uploads\/2023\/06\/Affiche-A4-Passeport-2023-2024-1086x1536.png 1086w, https:\/\/parcalanglaiselacude.fr\/wp-content\/uploads\/2023\/06\/Affiche-A4-Passeport-2023-2024-1260x1782.png 1260w, https:\/\/parcalanglaiselacude.fr\/wp-content\/uploads\/2023\/06\/Affiche-A4-Passeport-2023-2024-630x891.png 630w, https:\/\/parcalanglaiselacude.fr\/wp-content\/uploads\/2023\/06\/Affiche-A4-Passeport-2023-2024-420x594.png 420w, https:\/\/parcalanglaiselacude.fr\/wp-content\/uploads\/2023\/06\/Affiche-A4-Passeport-2023-2024-840x1188.png 840w, https:\/\/parcalanglaiselacude.fr\/wp-content\/uploads\/2023\/06\/Affiche-A4-Passeport-2023-2024-315x446.png 315w, https:\/\/parcalanglaiselacude.fr\/wp-content\/uploads\/2023\/06\/Affiche-A4-Passeport-2023-2024.png 1414w\" \/>\t\t\t\t\t\t\t\n\t<p><strong>Commerces et services.<\/strong><\/p>\n<p>Tous commerces de proximit\u00e9s \u00e0 Saulx de Vesoul :<\/p>\n<ul>\n<li>Boucherie<\/li>\n<li>Tabac et \u00e9picerie<\/li>\n<li>Boulangerie<\/li>\n<li>Poste<\/li>\n<li>Coiffeur et Barbier<\/li>\n<li>Pharmacie et maison de sant\u00e9<\/li>\n<\/ul>\n<h3>\n\tUne question, une suggestion ? <br \/>Contactez-nous\n\t<\/h3>\n\t\t<iframe src=\"https:\/\/maps.google.com\/maps?q=parc+%C3%A0+l%27anglaise+La+Cude&#038;iwloc=near&#038;output=embed\" height=\"250\" frameborder=\"0\" loading=\"lazy\"><\/iframe>\n\n<\/div><!-- .vgblk-rw-wrapper -->","protected":false},"excerpt":{"rendered":"<p>Dur\u00e9e de la visite 2 heures Tarifs Adulte : 6 \u20ac &#8211; de 12 ans : 4 \u20ac Forfait Famille (2 adultes \/ 2 enfants) : 16 \u20ac. Pour les tarifs de groupe : contactez-nous.Possibilit\u00e9 de pique-niquer sur le site de la Cude. Procurez-vous le passeport Vosges du Sud pour b\u00e9n\u00e9ficier des r\u00e9ductions et visiter&#8230;<\/p>\n","protected":false},"author":1,"featured_media":0,"parent":0,"menu_order":0,"comment_status":"closed","ping_status":"closed","template":"","meta":{"inline_featured_image":false,"footnotes":""},"class_list":["post-14400","page","type-page","status-publish","hentry"],"_links":{"self":[{"href":"https:\/\/parcalanglaiselacude.fr\/index.php\/wp-json\/wp\/v2\/pages\/14400","targetHints":{"allow":["GET"]}}],"collection":[{"href":"https:\/\/parcalanglaiselacude.fr\/index.php\/wp-json\/wp\/v2\/pages"}],"about":[{"href":"https:\/\/parcalanglaiselacude.fr\/index.php\/wp-json\/wp\/v2\/types\/page"}],"author":[{"embeddable":true,"href":"https:\/\/parcalanglaiselacude.fr\/index.php\/wp-json\/wp\/v2\/users\/1"}],"replies":[{"embeddable":true,"href":"https:\/\/parcalanglaiselacude.fr\/index.php\/wp-json\/wp\/v2\/comments?post=14400"}],"version-history":[{"count":24,"href":"https:\/\/parcalanglaiselacude.fr\/index.php\/wp-json\/wp\/v2\/pages\/14400\/revisions"}],"predecessor-version":[{"id":17473,"href":"https:\/\/parcalanglaiselacude.fr\/index.php\/wp-json\/wp\/v2\/pages\/14400\/revisions\/17473"}],"wp:attachment":[{"href":"https:\/\/parcalanglaiselacude.fr\/index.php\/wp-json\/wp\/v2\/media?parent=14400"}],"curies":[{"name":"wp","href":"https:\/\/api.w.org\/{rel}","templated":true}]}}